{"id":10310,"date":"2023-03-06T16:29:23","date_gmt":"2023-03-06T19:29:23","guid":{"rendered":"https:\/\/capivari.sp.gov.br\/portal\/?page_id=10310"},"modified":"2023-03-06T17:10:03","modified_gmt":"2023-03-06T20:10:03","slug":"banco-do-povo-paulista","status":"publish","type":"page","link":"https:\/\/capivari.sp.gov.br\/portal\/secretarias\/desenvolvimento-economico-turismo-e-inovacao\/banco-do-povo-paulista\/","title":{"rendered":"Banco do Povo Paulista"},"content":{"rendered":"\t\t<div data-elementor-type=\"wp-page\" data-elementor-id=\"10310\" class=\"elementor elementor-10310\" data-elementor-post-type=\"page\">\n\t\t\t\t\t\t<section class=\"elementor-section elementor-top-section elementor-element elementor-element-133d51ea elementor-section-stretched elementor-section-boxed elementor-section-height-default elementor-section-height-default\" data-id=\"133d51ea\" data-element_type=\"section\" data-e-type=\"section\" data-settings=\"{&quot;stretch_section&quot;:&quot;section-stretched&quot;,&quot;background_background&quot;:&quot;classic&quot;}\">\n\t\t\t\t\t\t<div class=\"elementor-container elementor-column-gap-default\">\n\t\t\t\t\t<div class=\"elementor-column elementor-col-50 elementor-top-column elementor-element elementor-element-43927b2\" data-id=\"43927b2\" data-element_type=\"column\" data-e-type=\"column\">\n\t\t\t<div class=\"elementor-widget-wrap elementor-element-populated\">\n\t\t\t\t\t\t\t<\/div>\n\t\t<\/div>\n\t\t\t\t<div class=\"elementor-column elementor-col-50 elementor-top-column elementor-element elementor-element-504fdf86\" data-id=\"504fdf86\" data-element_type=\"column\" data-e-type=\"column\">\n\t\t\t<div class=\"elementor-widget-wrap elementor-element-populated\">\n\t\t\t\t\t\t<div class=\"elementor-element elementor-element-7bea5f0b elementor-align-right elementor-mobile-align-left elementor-widget elementor-widget-breadcrumbs\" data-id=\"7bea5f0b\" data-element_type=\"widget\" data-e-type=\"widget\" data-widget_type=\"breadcrumbs.default\">\n\t\t\t\t<div class=\"elementor-widget-container\">\n\t\t\t\t\t<p id=\"breadcrumbs\"><span><span><a href=\"https:\/\/capivari.sp.gov.br\/portal\/\">In\u00edcio<\/a><\/span><\/span><\/p>\t\t\t\t<\/div>\n\t\t\t\t<\/div>\n\t\t\t\t\t<\/div>\n\t\t<\/div>\n\t\t\t\t\t<\/div>\n\t\t<\/section>\n\t\t\t\t<section class=\"elementor-section elementor-top-section elementor-element elementor-element-ded117a elementor-section-boxed elementor-section-height-default elementor-section-height-default\" data-id=\"ded117a\" data-element_type=\"section\" data-e-type=\"section\">\n\t\t\t\t\t\t<div class=\"elementor-container elementor-column-gap-default\">\n\t\t\t\t\t<div class=\"elementor-column elementor-col-100 elementor-top-column elementor-element elementor-element-52edbcfd\" data-id=\"52edbcfd\" data-element_type=\"column\" data-e-type=\"column\">\n\t\t\t<div class=\"elementor-widget-wrap elementor-element-populated\">\n\t\t\t\t\t\t<div class=\"elementor-element elementor-element-a44a4a9 elementor-widget elementor-widget-text-editor\" data-id=\"a44a4a9\" data-element_type=\"widget\" data-e-type=\"widget\" data-widget_type=\"text-editor.default\">\n\t\t\t\t<div class=\"elementor-widget-container\">\n\t\t\t\t\t\t\t\t\t<p>O Fundo de Investimentos de Cr\u00e9dito Produtivo Popular de S\u00e3o Paulo, Banco do Povo Paulista (BPP), \u00e9 o programa de microcr\u00e9dito produtivo desenvolvido pelo Governo do Estado de S\u00e3o Paulo, por meio da Secretaria de Desenvolvimento Econ\u00f4mico (SDE), em parceria com as prefeituras, conforme disposi\u00e7\u00f5es previstas na Lei Estadual n\u00ba 9.533, de 30 de abril de 1997 e no Decreto Estadual n\u00ba 43.283, de 03 de julho de 1998, com a finalidade de gerar emprego e renda atrav\u00e9s da disponibiliza\u00e7\u00e3o de linhas de microcr\u00e9dito para o desenvolvimento de pequenos empreendimentos.<\/p><p>A concess\u00e3o dessas linhas aos micros e pequenos empreendedores de baixa renda tem efeito bastante positivo na economia e nas condi\u00e7\u00f5es sociais nos munic\u00edpios contemplados com o programa. No curto prazo, contribui para a gera\u00e7\u00e3o de renda e, no m\u00e9dio e longo prazo, estimula a formaliza\u00e7\u00e3o de novos empreendedores, aumentando, dessa forma, a arrecada\u00e7\u00e3o do Estado.<\/p><p>A administra\u00e7\u00e3o e gest\u00e3o do Fundo s\u00e3o responsabilidades da Desenvolve SP \u2013 Ag\u00eancia de Fomento do Estado de S\u00e3o Paulo, a qual visa incrementar melhorias substanciais, gerando maior acesso e facilidade para que o cr\u00e9dito seja direcionado para a gera\u00e7\u00e3o de novos empreendimentos\/pessoas ou apoio aos j\u00e1 existentes.<br \/>P\u00fablico alvo: Podem ser tomadores do cr\u00e9dito os empreendedores formais (MEI, ME, LTDA, EIRELI,EPP, Produtor rural com CNPJ) ou empreendedores informais (incluindo Produtor rural sem CNPJ).<\/p><p><strong>Tem interesse em solicitar seu cr\u00e9dito? Ou obter mais informa\u00e7\u00f5es sobre o programa?<\/strong><\/p><p>Entre em contato pelo telefone (19) 3492-8870 ou WhatsApp (19) 3491-9385, ou para atendimento presencial: Rua Tiradentes, 283, Centro, Capivari\/SP \u2013 GANHATEMPO MUNICIPAL<\/p>\t\t\t\t\t\t\t\t<\/div>\n\t\t\t\t<\/div>\n\t\t\t\t\t<\/div>\n\t\t<\/div>\n\t\t\t\t\t<\/div>\n\t\t<\/section>\n\t\t\t\t<\/div>\n\t\t","protected":false},"excerpt":{"rendered":"<p>O Fundo de Investimentos de Cr\u00e9dito Produtivo Popular de S\u00e3o Paulo, Banco do Povo Paulista (BPP), \u00e9 o programa de microcr\u00e9dito produtivo desenvolvido pelo Governo do Estado de S\u00e3o Paulo, por meio da Secretaria de Desenvolvimento Econ\u00f4mico (SDE), em parceria com as prefeituras, conforme disposi\u00e7\u00f5es previstas na Lei Estadual n\u00ba 9.533, de 30 de abril [&hellip;]<\/p>\n","protected":false},"author":18,"featured_media":0,"parent":408,"menu_order":0,"comment_status":"closed","ping_status":"closed","template":"","meta":{"ocean_post_layout":"","ocean_both_sidebars_style":"","ocean_both_sidebars_content_width":0,"ocean_both_sidebars_sidebars_width":0,"ocean_sidebar":"0","ocean_second_sidebar":"0","ocean_disable_margins":"on","ocean_add_body_class":"","ocean_shortcode_before_top_bar":"","ocean_shortcode_after_top_bar":"","ocean_shortcode_before_header":"","ocean_shortcode_after_header":"","ocean_has_shortcode":"","ocean_shortcode_after_title":"","ocean_shortcode_before_footer_widgets":"","ocean_shortcode_after_footer_widgets":"","ocean_shortcode_before_footer_bottom":"","ocean_shortcode_after_footer_bottom":"","ocean_display_top_bar":"default","ocean_display_header":"default","ocean_header_style":"","ocean_center_header_left_menu":"0","ocean_custom_header_template":"0","ocean_custom_logo":0,"ocean_custom_retina_logo":0,"ocean_custom_logo_max_width":0,"ocean_custom_logo_tablet_max_width":0,"ocean_custom_logo_mobile_max_width":0,"ocean_custom_logo_max_height":0,"ocean_custom_logo_tablet_max_height":0,"ocean_custom_logo_mobile_max_height":0,"ocean_header_custom_menu":"0","ocean_menu_typo_font_family":"0","ocean_menu_typo_font_subset":"","ocean_menu_typo_font_size":0,"ocean_menu_typo_font_size_tablet":0,"ocean_menu_typo_font_size_mobile":0,"ocean_menu_typo_font_size_unit":"px","ocean_menu_typo_font_weight":"","ocean_menu_typo_font_weight_tablet":"","ocean_menu_typo_font_weight_mobile":"","ocean_menu_typo_transform":"","ocean_menu_typo_transform_tablet":"","ocean_menu_typo_transform_mobile":"","ocean_menu_typo_line_height":0,"ocean_menu_typo_line_height_tablet":0,"ocean_menu_typo_line_height_mobile":0,"ocean_menu_typo_line_height_unit":"","ocean_menu_typo_spacing":0,"ocean_menu_typo_spacing_tablet":0,"ocean_menu_typo_spacing_mobile":0,"ocean_menu_typo_spacing_unit":"","ocean_menu_link_color":"","ocean_menu_link_color_hover":"","ocean_menu_link_color_active":"","ocean_menu_link_background":"","ocean_menu_link_hover_background":"","ocean_menu_link_active_background":"","ocean_menu_social_links_bg":"","ocean_menu_social_hover_links_bg":"","ocean_menu_social_links_color":"","ocean_menu_social_hover_links_color":"","ocean_disable_title":"default","ocean_disable_heading":"default","ocean_post_title":"","ocean_post_subheading":"","ocean_post_title_style":"","ocean_post_title_background_color":"","ocean_post_title_background":0,"ocean_post_title_bg_image_position":"","ocean_post_title_bg_image_attachment":"","ocean_post_title_bg_image_repeat":"","ocean_post_title_bg_image_size":"","ocean_post_title_height":0,"ocean_post_title_bg_overlay":0.5,"ocean_post_title_bg_overlay_color":"","ocean_disable_breadcrumbs":"default","ocean_breadcrumbs_color":"","ocean_breadcrumbs_separator_color":"","ocean_breadcrumbs_links_color":"","ocean_breadcrumbs_links_hover_color":"","ocean_display_footer_widgets":"default","ocean_display_footer_bottom":"default","ocean_custom_footer_template":"0","footnotes":""},"class_list":["post-10310","page","type-page","status-publish","hentry","entry"],"yoast_head":"<!-- This site is optimized with the Yoast SEO plugin v27.3 - https:\/\/yoast.com\/product\/yoast-seo-wordpress\/ -->\n<title>Banco do Povo Paulista - Prefeitura de Capivari<\/title>\n<meta name=\"robots\" content=\"index, follow, max-snippet:-1, max-image-preview:large, max-video-preview:-1\" \/>\n<link rel=\"canonical\" href=\"https:\/\/capivari.sp.gov.br\/portal\/secretarias\/desenvolvimento-economico-turismo-e-inovacao\/banco-do-povo-paulista\/\" \/>\n<meta property=\"og:locale\" content=\"pt_BR\" \/>\n<meta property=\"og:type\" content=\"article\" \/>\n<meta property=\"og:title\" content=\"Banco do Povo Paulista - Prefeitura de Capivari\" \/>\n<meta property=\"og:description\" content=\"O Fundo de Investimentos de Cr\u00e9dito Produtivo Popular de S\u00e3o Paulo, Banco do Povo Paulista (BPP), \u00e9 o programa de microcr\u00e9dito produtivo desenvolvido pelo Governo do Estado de S\u00e3o Paulo, por meio da Secretaria de Desenvolvimento Econ\u00f4mico (SDE), em parceria com as prefeituras, conforme disposi\u00e7\u00f5es previstas na Lei Estadual n\u00ba 9.533, de 30 de abril [&hellip;]\" \/>\n<meta property=\"og:url\" content=\"https:\/\/capivari.sp.gov.br\/portal\/secretarias\/desenvolvimento-economico-turismo-e-inovacao\/banco-do-povo-paulista\/\" \/>\n<meta property=\"og:site_name\" content=\"Prefeitura de Capivari\" \/>\n<meta property=\"article:publisher\" content=\"https:\/\/www.facebook.com\/PrefeituradeCapivari\/\" \/>\n<meta property=\"article:modified_time\" content=\"2023-03-06T20:10:03+00:00\" \/>\n<meta name=\"twitter:card\" content=\"summary_large_image\" \/>\n<meta name=\"twitter:site\" content=\"@PrefCapivari\" \/>\n<meta name=\"twitter:label1\" content=\"Est. tempo de leitura\" \/>\n\t<meta name=\"twitter:data1\" content=\"2 minutos\" \/>\n<script type=\"application\/ld+json\" class=\"yoast-schema-graph\">{\"@context\":\"https:\\\/\\\/schema.org\",\"@graph\":[{\"@type\":\"WebPage\",\"@id\":\"https:\\\/\\\/capivari.sp.gov.br\\\/portal\\\/secretarias\\\/desenvolvimento-economico-turismo-e-inovacao\\\/banco-do-povo-paulista\\\/\",\"url\":\"https:\\\/\\\/capivari.sp.gov.br\\\/portal\\\/secretarias\\\/desenvolvimento-economico-turismo-e-inovacao\\\/banco-do-povo-paulista\\\/\",\"name\":\"Banco do Povo Paulista - Prefeitura de Capivari\",\"isPartOf\":{\"@id\":\"https:\\\/\\\/capivari.sp.gov.br\\\/portal\\\/#website\"},\"datePublished\":\"2023-03-06T19:29:23+00:00\",\"dateModified\":\"2023-03-06T20:10:03+00:00\",\"breadcrumb\":{\"@id\":\"https:\\\/\\\/capivari.sp.gov.br\\\/portal\\\/secretarias\\\/desenvolvimento-economico-turismo-e-inovacao\\\/banco-do-povo-paulista\\\/#breadcrumb\"},\"inLanguage\":\"pt-BR\",\"potentialAction\":[{\"@type\":\"ReadAction\",\"target\":[\"https:\\\/\\\/capivari.sp.gov.br\\\/portal\\\/secretarias\\\/desenvolvimento-economico-turismo-e-inovacao\\\/banco-do-povo-paulista\\\/\"]}]},{\"@type\":\"BreadcrumbList\",\"@id\":\"https:\\\/\\\/capivari.sp.gov.br\\\/portal\\\/secretarias\\\/desenvolvimento-economico-turismo-e-inovacao\\\/banco-do-povo-paulista\\\/#breadcrumb\",\"itemListElement\":[{\"@type\":\"ListItem\",\"position\":1,\"name\":\"In\u00edcio\",\"item\":\"https:\\\/\\\/capivari.sp.gov.br\\\/portal\\\/\"},{\"@type\":\"ListItem\",\"position\":2,\"name\":\"Secretarias\",\"item\":\"https:\\\/\\\/capivari.sp.gov.br\\\/portal\\\/secretarias\\\/\"},{\"@type\":\"ListItem\",\"position\":3,\"name\":\"Desenvolvimento Econ\u00f4mico, Turismo e Inova\u00e7\u00e3o\",\"item\":\"https:\\\/\\\/capivari.sp.gov.br\\\/portal\\\/secretarias\\\/desenvolvimento-economico-turismo-e-inovacao\\\/\"},{\"@type\":\"ListItem\",\"position\":4,\"name\":\"Banco do Povo Paulista\"}]},{\"@type\":\"WebSite\",\"@id\":\"https:\\\/\\\/capivari.sp.gov.br\\\/portal\\\/#website\",\"url\":\"https:\\\/\\\/capivari.sp.gov.br\\\/portal\\\/\",\"name\":\"Prefeitura de Capivari\",\"description\":\"Prefeitura de Capivari\",\"publisher\":{\"@id\":\"https:\\\/\\\/capivari.sp.gov.br\\\/portal\\\/#organization\"},\"potentialAction\":[{\"@type\":\"SearchAction\",\"target\":{\"@type\":\"EntryPoint\",\"urlTemplate\":\"https:\\\/\\\/capivari.sp.gov.br\\\/portal\\\/?s={search_term_string}\"},\"query-input\":{\"@type\":\"PropertyValueSpecification\",\"valueRequired\":true,\"valueName\":\"search_term_string\"}}],\"inLanguage\":\"pt-BR\"},{\"@type\":\"Organization\",\"@id\":\"https:\\\/\\\/capivari.sp.gov.br\\\/portal\\\/#organization\",\"name\":\"Prefeitura de Capivari\",\"url\":\"https:\\\/\\\/capivari.sp.gov.br\\\/portal\\\/\",\"logo\":{\"@type\":\"ImageObject\",\"inLanguage\":\"pt-BR\",\"@id\":\"https:\\\/\\\/capivari.sp.gov.br\\\/portal\\\/#\\\/schema\\\/logo\\\/image\\\/\",\"url\":\"https:\\\/\\\/capivari.sp.gov.br\\\/portal\\\/wp-content\\\/uploads\\\/2021\\\/09\\\/logo-prefeitura-de-capivari.png\",\"contentUrl\":\"https:\\\/\\\/capivari.sp.gov.br\\\/portal\\\/wp-content\\\/uploads\\\/2021\\\/09\\\/logo-prefeitura-de-capivari.png\",\"width\":200,\"height\":147,\"caption\":\"Prefeitura de Capivari\"},\"image\":{\"@id\":\"https:\\\/\\\/capivari.sp.gov.br\\\/portal\\\/#\\\/schema\\\/logo\\\/image\\\/\"},\"sameAs\":[\"https:\\\/\\\/www.facebook.com\\\/PrefeituradeCapivari\\\/\",\"https:\\\/\\\/x.com\\\/PrefCapivari\",\"https:\\\/\\\/www.instagram.com\\\/prefeituracapivari\\\/\"]}]}<\/script>\n<!-- \/ Yoast SEO plugin. -->","yoast_head_json":{"title":"Banco do Povo Paulista - Prefeitura de Capivari","robots":{"index":"index","follow":"follow","max-snippet":"max-snippet:-1","max-image-preview":"max-image-preview:large","max-video-preview":"max-video-preview:-1"},"canonical":"https:\/\/capivari.sp.gov.br\/portal\/secretarias\/desenvolvimento-economico-turismo-e-inovacao\/banco-do-povo-paulista\/","og_locale":"pt_BR","og_type":"article","og_title":"Banco do Povo Paulista - Prefeitura de Capivari","og_description":"O Fundo de Investimentos de Cr\u00e9dito Produtivo Popular de S\u00e3o Paulo, Banco do Povo Paulista (BPP), \u00e9 o programa de microcr\u00e9dito produtivo desenvolvido pelo Governo do Estado de S\u00e3o Paulo, por meio da Secretaria de Desenvolvimento Econ\u00f4mico (SDE), em parceria com as prefeituras, conforme disposi\u00e7\u00f5es previstas na Lei Estadual n\u00ba 9.533, de 30 de abril [&hellip;]","og_url":"https:\/\/capivari.sp.gov.br\/portal\/secretarias\/desenvolvimento-economico-turismo-e-inovacao\/banco-do-povo-paulista\/","og_site_name":"Prefeitura de Capivari","article_publisher":"https:\/\/www.facebook.com\/PrefeituradeCapivari\/","article_modified_time":"2023-03-06T20:10:03+00:00","twitter_card":"summary_large_image","twitter_site":"@PrefCapivari","twitter_misc":{"Est. tempo de leitura":"2 minutos"},"schema":{"@context":"https:\/\/schema.org","@graph":[{"@type":"WebPage","@id":"https:\/\/capivari.sp.gov.br\/portal\/secretarias\/desenvolvimento-economico-turismo-e-inovacao\/banco-do-povo-paulista\/","url":"https:\/\/capivari.sp.gov.br\/portal\/secretarias\/desenvolvimento-economico-turismo-e-inovacao\/banco-do-povo-paulista\/","name":"Banco do Povo Paulista - Prefeitura de Capivari","isPartOf":{"@id":"https:\/\/capivari.sp.gov.br\/portal\/#website"},"datePublished":"2023-03-06T19:29:23+00:00","dateModified":"2023-03-06T20:10:03+00:00","breadcrumb":{"@id":"https:\/\/capivari.sp.gov.br\/portal\/secretarias\/desenvolvimento-economico-turismo-e-inovacao\/banco-do-povo-paulista\/#breadcrumb"},"inLanguage":"pt-BR","potentialAction":[{"@type":"ReadAction","target":["https:\/\/capivari.sp.gov.br\/portal\/secretarias\/desenvolvimento-economico-turismo-e-inovacao\/banco-do-povo-paulista\/"]}]},{"@type":"BreadcrumbList","@id":"https:\/\/capivari.sp.gov.br\/portal\/secretarias\/desenvolvimento-economico-turismo-e-inovacao\/banco-do-povo-paulista\/#breadcrumb","itemListElement":[{"@type":"ListItem","position":1,"name":"In\u00edcio","item":"https:\/\/capivari.sp.gov.br\/portal\/"},{"@type":"ListItem","position":2,"name":"Secretarias","item":"https:\/\/capivari.sp.gov.br\/portal\/secretarias\/"},{"@type":"ListItem","position":3,"name":"Desenvolvimento Econ\u00f4mico, Turismo e Inova\u00e7\u00e3o","item":"https:\/\/capivari.sp.gov.br\/portal\/secretarias\/desenvolvimento-economico-turismo-e-inovacao\/"},{"@type":"ListItem","position":4,"name":"Banco do Povo Paulista"}]},{"@type":"WebSite","@id":"https:\/\/capivari.sp.gov.br\/portal\/#website","url":"https:\/\/capivari.sp.gov.br\/portal\/","name":"Prefeitura de Capivari","description":"Prefeitura de Capivari","publisher":{"@id":"https:\/\/capivari.sp.gov.br\/portal\/#organization"},"potentialAction":[{"@type":"SearchAction","target":{"@type":"EntryPoint","urlTemplate":"https:\/\/capivari.sp.gov.br\/portal\/?s={search_term_string}"},"query-input":{"@type":"PropertyValueSpecification","valueRequired":true,"valueName":"search_term_string"}}],"inLanguage":"pt-BR"},{"@type":"Organization","@id":"https:\/\/capivari.sp.gov.br\/portal\/#organization","name":"Prefeitura de Capivari","url":"https:\/\/capivari.sp.gov.br\/portal\/","logo":{"@type":"ImageObject","inLanguage":"pt-BR","@id":"https:\/\/capivari.sp.gov.br\/portal\/#\/schema\/logo\/image\/","url":"https:\/\/capivari.sp.gov.br\/portal\/wp-content\/uploads\/2021\/09\/logo-prefeitura-de-capivari.png","contentUrl":"https:\/\/capivari.sp.gov.br\/portal\/wp-content\/uploads\/2021\/09\/logo-prefeitura-de-capivari.png","width":200,"height":147,"caption":"Prefeitura de Capivari"},"image":{"@id":"https:\/\/capivari.sp.gov.br\/portal\/#\/schema\/logo\/image\/"},"sameAs":["https:\/\/www.facebook.com\/PrefeituradeCapivari\/","https:\/\/x.com\/PrefCapivari","https:\/\/www.instagram.com\/prefeituracapivari\/"]}]}},"_links":{"self":[{"href":"https:\/\/capivari.sp.gov.br\/portal\/wp-json\/wp\/v2\/pages\/10310","targetHints":{"allow":["GET"]}}],"collection":[{"href":"https:\/\/capivari.sp.gov.br\/portal\/wp-json\/wp\/v2\/pages"}],"about":[{"href":"https:\/\/capivari.sp.gov.br\/portal\/wp-json\/wp\/v2\/types\/page"}],"author":[{"embeddable":true,"href":"https:\/\/capivari.sp.gov.br\/portal\/wp-json\/wp\/v2\/users\/18"}],"replies":[{"embeddable":true,"href":"https:\/\/capivari.sp.gov.br\/portal\/wp-json\/wp\/v2\/comments?post=10310"}],"version-history":[{"count":6,"href":"https:\/\/capivari.sp.gov.br\/portal\/wp-json\/wp\/v2\/pages\/10310\/revisions"}],"predecessor-version":[{"id":10324,"href":"https:\/\/capivari.sp.gov.br\/portal\/wp-json\/wp\/v2\/pages\/10310\/revisions\/10324"}],"up":[{"embeddable":true,"href":"https:\/\/capivari.sp.gov.br\/portal\/wp-json\/wp\/v2\/pages\/408"}],"wp:attachment":[{"href":"https:\/\/capivari.sp.gov.br\/portal\/wp-json\/wp\/v2\/media?parent=10310"}],"curies":[{"name":"wp","href":"https:\/\/api.w.org\/{rel}","templated":true}]}}