{"id":3,"date":"2021-09-02T17:21:12","date_gmt":"2021-09-02T20:21:12","guid":{"rendered":"https:\/\/capivari.sp.gov.br\/portal\/?page_id=3"},"modified":"2023-02-13T09:24:35","modified_gmt":"2023-02-13T12:24:35","slug":"politica-de-privacidade","status":"publish","type":"page","link":"https:\/\/capivari.sp.gov.br\/portal\/politica-de-privacidade\/","title":{"rendered":"Pol\u00edtica de privacidade"},"content":{"rendered":"\t\t<div data-elementor-type=\"wp-page\" data-elementor-id=\"3\" class=\"elementor elementor-3\" data-elementor-post-type=\"page\">\n\t\t\t\t\t\t<section class=\"elementor-section elementor-top-section elementor-element elementor-element-6cba3f4 elementor-section-boxed elementor-section-height-default elementor-section-height-default\" data-id=\"6cba3f4\" data-element_type=\"section\" data-e-type=\"section\">\n\t\t\t\t\t\t<div class=\"elementor-container elementor-column-gap-default\">\n\t\t\t\t\t<div class=\"elementor-column elementor-col-100 elementor-top-column elementor-element elementor-element-b2880c2\" data-id=\"b2880c2\" data-element_type=\"column\" data-e-type=\"column\">\n\t\t\t<div class=\"elementor-widget-wrap elementor-element-populated\">\n\t\t\t\t\t\t<div class=\"elementor-element elementor-element-bdf3db0 elementor-widget elementor-widget-heading\" data-id=\"bdf3db0\" data-element_type=\"widget\" data-e-type=\"widget\" data-widget_type=\"heading.default\">\n\t\t\t\t<div class=\"elementor-widget-container\">\n\t\t\t\t\t<h2 class=\"elementor-heading-title elementor-size-default\">Pol\u00edtica de Privacidade<\/h2>\t\t\t\t<\/div>\n\t\t\t\t<\/div>\n\t\t\t\t\t<\/div>\n\t\t<\/div>\n\t\t\t\t\t<\/div>\n\t\t<\/section>\n\t\t\t\t<section class=\"elementor-section elementor-top-section elementor-element elementor-element-d675702 elementor-section-boxed elementor-section-height-default elementor-section-height-default\" data-id=\"d675702\" data-element_type=\"section\" data-e-type=\"section\">\n\t\t\t\t\t\t<div class=\"elementor-container elementor-column-gap-default\">\n\t\t\t\t\t<div class=\"elementor-column elementor-col-100 elementor-top-column elementor-element elementor-element-16e62bf7\" data-id=\"16e62bf7\" data-element_type=\"column\" data-e-type=\"column\">\n\t\t\t<div class=\"elementor-widget-wrap elementor-element-populated\">\n\t\t\t\t\t\t<div class=\"elementor-element elementor-element-5909d11d elementor-widget elementor-widget-text-editor\" data-id=\"5909d11d\" data-element_type=\"widget\" data-e-type=\"widget\" data-widget_type=\"text-editor.default\">\n\t\t\t\t<div class=\"elementor-widget-container\">\n\t\t\t\t\t\t\t\t\t\r\n<p>\u00c9 importante esclarecer que dados pessoais s\u00e3o considerados como: todas as informa\u00e7\u00f5es que possam ser utilizadas para identificar alguma pessoa. Estes dados, podem ser considerados sens\u00edveis, tais como: convic\u00e7\u00e3o religiosa, sa\u00fade ou \u00e0 vida sexual, origem racial ou \u00e9tnica, opini\u00e3o pol\u00edtica, dado gen\u00e9tico ou biom\u00e9trico, filia\u00e7\u00e3o a sindicato ou a organiza\u00e7\u00e3o de car\u00e1ter religioso, filos\u00f3fico ou pol\u00edtico.<\/p>\r\n<p>Nesta pol\u00edtica de privacidade ser\u00e1 informado a maneira que ocorre o tratamento dos dados pessoais das pessoas que acessam o site capivari.sp.gov.br informando assim, de forma transparente quais s\u00e3o os dados, qual o intuito da coleta e a maneira que os visitantes podem controlar ou deletar suas informa\u00e7\u00f5es.<\/p>\r\n<p>Este texto foi criado de acordo com a lei de Prote\u00e7\u00e3o de Dados Pessoais (Lei \/18), o Marco Civil da Internet (Lei 12.965 \/14) e tamb\u00e9m o Regulamento da UE n. 2016\/6790. Vale ressaltar que, este texto poder\u00e1 sofrer altera\u00e7\u00f5es por conta de eventuais atualiza\u00e7\u00f5es normativas.<\/p>\r\n<p>Informamos que toda e qualquer informa\u00e7\u00e3o pessoal coletada por nosso website capivari.sp.gov.br , ser\u00e1 utilizada para melhorar a sua experi\u00eancia ao navegar em nosso website, visando desta maneira que sua visita se torne mais vantajosa e assertiva.<\/p>\r\n<p>A confidencialidade das informa\u00e7\u00f5es pessoais dos usu\u00e1rios do site capivari.sp.gov.br \u00e9 de suma import\u00e2ncia para nossa equipe, por este motivo, buscamos otimizar continuamente todos os processos internos, utilizando o gerador de pol\u00edtica de privacidade de forma clara, para mant\u00ea-los em seguran\u00e7a e de acordo com todas as normas impostas.<\/p>\r\n<p>A partir do momento da utiliza\u00e7\u00e3o do website capivari.sp.gov.br pressup\u00f5e que o usu\u00e1rio aceitou a pol\u00edtica de privacidade. Desta forma reservamos ao direito de modificar esta pol\u00edtica sem que seja realizado um aviso pr\u00e9vio. Por este motivo, n\u00f3s recomendamos que os usu\u00e1rios realizem uma consulta regularmente a nossa pol\u00edtica, para que desta forma, se mantenham sempre atualizados de poss\u00edveis altera\u00e7\u00f5es, caso seja necess\u00e1rio \u00e9 poss\u00edvel entrar em contato atrav\u00e9s de nosso e-mail:lgpd@capivari.sp.gov.br informando suas d\u00favidas.<\/p>\r\n<p>&nbsp;<\/p>\r\n<p><strong>. O que s\u00e3o cookies?<\/strong><br \/>Cookies s\u00e3o arquivos ou informa\u00e7\u00f5es que podem ser armazenadas em seu computador (ou outro dispositivo conectado \u00e0 Internet, como smartphones ou tablets) quando voc\u00ea visita o nosso site. Um cookie geralmente cont\u00e9m o nome do site que o originou, o tempo de vida do cookie (ou seja, por quanto tempo permanecer\u00e1 em seu dispositivo) e um valor, que geralmente \u00e9 um n\u00famero \u00fanico gerado aleatoriamente.<\/p>\r\n<p>&nbsp;<\/p>\r\n<p><strong>. Para que utilizamos os cookies?<\/strong><br \/>Utilizamos cookies para facilitar o uso e melhor adaptar o nosso site aos seus interesses e necessidades. Os cookies tamb\u00e9m podem ser utilizados para ajudar a acelerar suas atividades e experi\u00eancias futuras em nossas P\u00e1ginas. Tamb\u00e9m utilizamos cookies para compilar estat\u00edsticas an\u00f4nimas e agregadas que nos permitem entender como as pessoas utilizam nossas P\u00e1ginas e para nos ajudar a melhorar suas estruturas e conte\u00fados. N\u00e3o podemos identific\u00e1-lo pessoalmente atrav\u00e9s dessas informa\u00e7\u00f5es.<\/p>\r\n<p>&nbsp;<\/p>\r\n<p><strong>. Que tipo de cookies utilizamos?<\/strong><br \/>Dois tipos de cookies podem ser utilizados em nosso site \u2013 cookies de sess\u00e3o e cookies persistentes. Cookies de sess\u00e3o s\u00e3o cookies tempor\u00e1rios que permanecer\u00e3o em seu dispositivo at\u00e9 que voc\u00ea saia do nosso site. Um cookie persistente permanece em seu dispositivo at\u00e9 que seja exclu\u00eddo (o tempo que o cookie permanecer\u00e1 em seu dispositivo depender\u00e1 da dura\u00e7\u00e3o do tempo de vida do cookie espec\u00edfico e das configura\u00e7\u00f5es do seu navegador).<\/p>\r\n<p>Algumas das p\u00e1ginas que voc\u00ea visitar podem tamb\u00e9m coletar informa\u00e7\u00f5es utilizando pixel tags (tamb\u00e9m chamadas de clear gifs) que podem ser compartilhadas por terceiros que apoiam diretamente nossas atividades promocionais e desenvolvimento do site. Por exemplo, informa\u00e7\u00f5es de uso de site sobre visitantes das p\u00e1ginas de nosso site podem ser compartilhadas com ag\u00eancias de publicidade terceirizadas para que elas adaptem melhor os banners publicit\u00e1rios virtuais em nossos sites. No entanto, as informa\u00e7\u00f5es n\u00e3o identificam os indiv\u00edduos, apesar de poderem ser correlacionadas \u00e0s suas informa\u00e7\u00f5es pessoais.<\/p>\r\n<p>&nbsp;<\/p>\r\n<p>. Cookies utilizados em nosso site<br \/>Mais especificamente, usamos cookies e outras tecnologias de rastreamento para os seguintes fins:<br \/>. Ajudar voc\u00ea na navega\u00e7\u00e3o;<br \/>. Medir o uso do site (estat\u00edsticas);<br \/>. Facilitar o compartilhamento em redes sociais;<br \/>. Ajudar com nossos esfor\u00e7os promocionais e de marketing (incluindo publicidade comportamental) para fornecer conte\u00fado que seja mais relevante para voc\u00ea e seus interesses.<\/p>\r\n<p>Os cookies utilizados pelo nosso Site executam quatro fun\u00e7\u00f5es, conforme abaixo:<br \/>. Cookies Essenciais\/Estritamente Necess\u00e1rios<br \/>. Cookies de Desempenho<br \/>. Cookies Funcionais<br \/>. Cookies de Segmenta\u00e7\u00e3o e Rastreamento<\/p>\r\n<p>&nbsp;<\/p>\r\n<p><strong>. Cookies Essenciais\/Estritamente Necess\u00e1rios<\/strong><br \/>Alguns cookies que usamos s\u00e3o essenciais para o funcionamento do nosso site. Eles geralmente s\u00e3o definidos apenas em resposta a a\u00e7\u00f5es feitas por voc\u00ea, o que equivale a uma solicita\u00e7\u00e3o de servi\u00e7os, como definir suas prefer\u00eancias de privacidade, efetuar login ou preencher formul\u00e1rios. Voc\u00ea pode configurar seu navegador para bloque\u00e1-los ou alert\u00e1-lo sobre esses cookies, mas algumas partes do site podem n\u00e3o funcionar.<\/p>\r\n<p>&nbsp;<\/p>\r\n<p><strong>. Cookies de Desempenho<\/strong><br \/>Alguns cookies nos ajudam com o desempenho e design do nosso site. Isso nos permite medir quantas vezes uma p\u00e1gina foi visitada e saber quais p\u00e1ginas s\u00e3o as mais e menos populares e ver como os visitantes se movimentam pelo site. Todas as informa\u00e7\u00f5es que esses cookies coletam s\u00e3o an\u00f4nimas. Se voc\u00ea n\u00e3o permitir esses cookies, n\u00e3o saberemos quando voc\u00ea visitou nosso site.<\/p>\r\n<p>&nbsp;<\/p>\r\n<p><strong>.Cookies Funcionais<\/strong><br \/>\u00a0Alguns cookies nos ajudam a lembrar de suas configura\u00e7\u00f5es que voc\u00ea pode ter selecionado, ou ajudam com outras funcionalidades quando voc\u00ea navega e usa o nosso Site. Isso nos ajuda a lembrar o que voc\u00ea selecionou, ent\u00e3o, quando voc\u00ea retorna, nos lembramos de suas prefer\u00eancias.<\/p>\r\n<p>Esses cookies permitem o fornecimento de funcionalidade e personaliza\u00e7\u00e3o aprimoradas. Eles podem ser definidos por n\u00f3s ou por provedores terceiros cujos servi\u00e7os adicionamos \u00e0s nossas p\u00e1ginas. Se voc\u00ea n\u00e3o permitir esses cookies, algumas ou todas essas funcionalidades podem n\u00e3o funcionar corretamente.<\/p>\r\n<p>&nbsp;<\/p>\r\n<p><strong>. Cookies de Segmenta\u00e7\u00e3o e Rastreamento<\/strong><br \/>Estes cookies s\u00e3o definidos atrav\u00e9s do nosso site pelos nossos parceiros de publicidade. Eles podem ser usados por essas empresas para criar um perfil de seus interesses e exibir an\u00fancios relevantes em outros sites. Eles trabalham identificando exclusivamente seu navegador e dispositivo. Se voc\u00ea n\u00e3o permitir esses cookies, n\u00e3o experimentar\u00e1 nossa publicidade segmentada em diferentes sites.<\/p>\r\n<p>Esses cookies coletam informa\u00e7\u00f5es relacionadas \u00e0 origem da sua visita, onde voc\u00ea foi exposto \u00e0 publicidade da nossa empresa, que recurso de publicidade voc\u00ea viu, se voc\u00ea chegou direta ou indiretamente ao nosso site e o dispositivo usado para visitar nosso site. Essas informa\u00e7\u00f5es s\u00e3o coletadas anonimamente por meio de fornecedores terceirizados.<\/p>\r\n<p>Al\u00e9m disso, tamb\u00e9m utilizamos cookies em determinadas p\u00e1ginas do nosso site para nos comunicarmos com fornecedores de dados de terceiros para expandir seu comportamento digital. Isso nos ajuda a entender e segmentar an\u00fancios mais relevantes no futuro. As informa\u00e7\u00f5es que recebemos s\u00e3o todas agregadas e an\u00f4nimas, mas incluem estat\u00edsticas como dados demogr\u00e1ficos, comportamento online, interesses de produtos e estilo de vida. Os cookies de segmenta\u00e7\u00e3o e rastreamento s\u00e3o fornecidos por fornecedores confi\u00e1veis de terceiros. Caso necessite de mais informa\u00e7\u00f5es sobre nossos fornecedores e como esses cookies operam, entre em contato conosco.<\/p>\r\n<p>&nbsp;<\/p>\r\n<p><strong>. Como posso controlar ou excluir cookies?<\/strong><br \/>A maioria dos navegadores de Internet s\u00e3o configurados para aceitar automaticamente os cookies. Voc\u00ea pode alterar as configura\u00e7\u00f5es para bloquear cookies ou alert\u00e1-lo quando um cookie estiver sendo enviado para seu dispositivo. Existem v\u00e1rias formas de gerenciar cookies. Consulte as instru\u00e7\u00f5es do seu navegador ou a se\u00e7\u00e3o de ajuda para saber mais sobre como ajustar ou alterar as configura\u00e7\u00f5es do seu navegador.<\/p>\r\n<p>Desabilitar os cookies que utilizamos, pode impactar sua experi\u00eancia em nosso site, por exemplo, voc\u00ea talvez n\u00e3o possa visitar certas \u00e1reas de uma p\u00e1gina do nosso site ou talvez n\u00e3o receba informa\u00e7\u00f5es personalizadas quando visitar uma p\u00e1gina do nosso site.<\/p>\r\n<p>Caso voc\u00ea use dispositivos diferentes para visualizar e acessar o nosso site (por exemplo, computador, smartphone, tablet, etc.) deve assegurar-se de que cada navegador de cada dispositivo est\u00e1 ajustado para atender suas prefer\u00eancias quanto aos cookies.<\/p>\r\n<p><strong>ATUALIZA\u00c7\u00c3O<\/strong><br \/>Essa pol\u00edtica de privacidade obteve sua \u00faltima atualiza\u00e7\u00e3o na data de 01\/02\/2023, podendo ser modificada a qualquer momento, sem aviso pr\u00e9vio.<\/p>\r\n\t\t\t\t\t\t\t\t<\/div>\n\t\t\t\t<\/div>\n\t\t\t\t\t<\/div>\n\t\t<\/div>\n\t\t\t\t\t<\/div>\n\t\t<\/section>\n\t\t\t\t<\/div>\n\t\t","protected":false},"excerpt":{"rendered":"<p>Pol\u00edtica de Privacidade \u00c9 importante esclarecer que dados pessoais s\u00e3o considerados como: todas as informa\u00e7\u00f5es que possam ser utilizadas para identificar alguma pessoa. Estes dados, podem ser considerados sens\u00edveis, tais como: convic\u00e7\u00e3o religiosa, sa\u00fade ou \u00e0 vida sexual, origem racial ou \u00e9tnica, opini\u00e3o pol\u00edtica, dado gen\u00e9tico ou biom\u00e9trico, filia\u00e7\u00e3o a sindicato ou a organiza\u00e7\u00e3o de [&hellip;]<\/p>\n","protected":false},"author":8,"featured_media":0,"parent":0,"menu_order":0,"comment_status":"closed","ping_status":"open","template":"","meta":{"ocean_post_layout":"","ocean_both_sidebars_style":"","ocean_both_sidebars_content_width":0,"ocean_both_sidebars_sidebars_width":0,"ocean_sidebar":"0","ocean_second_sidebar":"0","ocean_disable_margins":"enable","ocean_add_body_class":"","ocean_shortcode_before_top_bar":"","ocean_shortcode_after_top_bar":"","ocean_shortcode_before_header":"","ocean_shortcode_after_header":"","ocean_has_shortcode":"","ocean_shortcode_after_title":"","ocean_shortcode_before_footer_widgets":"","ocean_shortcode_after_footer_widgets":"","ocean_shortcode_before_footer_bottom":"","ocean_shortcode_after_footer_bottom":"","ocean_display_top_bar":"default","ocean_display_header":"default","ocean_header_style":"","ocean_center_header_left_menu":"0","ocean_custom_header_template":"0","ocean_custom_logo":0,"ocean_custom_retina_logo":0,"ocean_custom_logo_max_width":0,"ocean_custom_logo_tablet_max_width":0,"ocean_custom_logo_mobile_max_width":0,"ocean_custom_logo_max_height":0,"ocean_custom_logo_tablet_max_height":0,"ocean_custom_logo_mobile_max_height":0,"ocean_header_custom_menu":"0","ocean_menu_typo_font_family":"0","ocean_menu_typo_font_subset":"","ocean_menu_typo_font_size":0,"ocean_menu_typo_font_size_tablet":0,"ocean_menu_typo_font_size_mobile":0,"ocean_menu_typo_font_size_unit":"px","ocean_menu_typo_font_weight":"","ocean_menu_typo_font_weight_tablet":"","ocean_menu_typo_font_weight_mobile":"","ocean_menu_typo_transform":"","ocean_menu_typo_transform_tablet":"","ocean_menu_typo_transform_mobile":"","ocean_menu_typo_line_height":0,"ocean_menu_typo_line_height_tablet":0,"ocean_menu_typo_line_height_mobile":0,"ocean_menu_typo_line_height_unit":"","ocean_menu_typo_spacing":0,"ocean_menu_typo_spacing_tablet":0,"ocean_menu_typo_spacing_mobile":0,"ocean_menu_typo_spacing_unit":"","ocean_menu_link_color":"","ocean_menu_link_color_hover":"","ocean_menu_link_color_active":"","ocean_menu_link_background":"","ocean_menu_link_hover_background":"","ocean_menu_link_active_background":"","ocean_menu_social_links_bg":"","ocean_menu_social_hover_links_bg":"","ocean_menu_social_links_color":"","ocean_menu_social_hover_links_color":"","ocean_disable_title":"default","ocean_disable_heading":"default","ocean_post_title":"","ocean_post_subheading":"","ocean_post_title_style":"","ocean_post_title_background_color":"","ocean_post_title_background":0,"ocean_post_title_bg_image_position":"","ocean_post_title_bg_image_attachment":"","ocean_post_title_bg_image_repeat":"","ocean_post_title_bg_image_size":"","ocean_post_title_height":0,"ocean_post_title_bg_overlay":0.5,"ocean_post_title_bg_overlay_color":"","ocean_disable_breadcrumbs":"default","ocean_breadcrumbs_color":"","ocean_breadcrumbs_separator_color":"","ocean_breadcrumbs_links_color":"","ocean_breadcrumbs_links_hover_color":"","ocean_display_footer_widgets":"default","ocean_display_footer_bottom":"default","ocean_custom_footer_template":"0","footnotes":""},"class_list":["post-3","page","type-page","status-publish","hentry","entry"],"yoast_head":"<!-- This site is optimized with the Yoast SEO plugin v27.3 - https:\/\/yoast.com\/product\/yoast-seo-wordpress\/ -->\n<title>Pol\u00edtica de privacidade - Prefeitura de Capivari<\/title>\n<meta name=\"robots\" content=\"index, follow, max-snippet:-1, max-image-preview:large, max-video-preview:-1\" \/>\n<link rel=\"canonical\" href=\"https:\/\/capivari.sp.gov.br\/portal\/politica-de-privacidade\/\" \/>\n<meta property=\"og:locale\" content=\"pt_BR\" \/>\n<meta property=\"og:type\" content=\"article\" \/>\n<meta property=\"og:title\" content=\"Pol\u00edtica de privacidade - Prefeitura de Capivari\" \/>\n<meta property=\"og:description\" content=\"Pol\u00edtica de Privacidade \u00c9 importante esclarecer que dados pessoais s\u00e3o considerados como: todas as informa\u00e7\u00f5es que possam ser utilizadas para identificar alguma pessoa. Estes dados, podem ser considerados sens\u00edveis, tais como: convic\u00e7\u00e3o religiosa, sa\u00fade ou \u00e0 vida sexual, origem racial ou \u00e9tnica, opini\u00e3o pol\u00edtica, dado gen\u00e9tico ou biom\u00e9trico, filia\u00e7\u00e3o a sindicato ou a organiza\u00e7\u00e3o de [&hellip;]\" \/>\n<meta property=\"og:url\" content=\"https:\/\/capivari.sp.gov.br\/portal\/politica-de-privacidade\/\" \/>\n<meta property=\"og:site_name\" content=\"Prefeitura de Capivari\" \/>\n<meta property=\"article:publisher\" content=\"https:\/\/www.facebook.com\/PrefeituradeCapivari\/\" \/>\n<meta property=\"article:modified_time\" content=\"2023-02-13T12:24:35+00:00\" \/>\n<meta name=\"twitter:card\" content=\"summary_large_image\" \/>\n<meta name=\"twitter:site\" content=\"@PrefCapivari\" \/>\n<meta name=\"twitter:label1\" content=\"Est. tempo de leitura\" \/>\n\t<meta name=\"twitter:data1\" content=\"8 minutos\" \/>\n<script type=\"application\/ld+json\" class=\"yoast-schema-graph\">{\"@context\":\"https:\\\/\\\/schema.org\",\"@graph\":[{\"@type\":\"WebPage\",\"@id\":\"https:\\\/\\\/capivari.sp.gov.br\\\/portal\\\/politica-de-privacidade\\\/\",\"url\":\"https:\\\/\\\/capivari.sp.gov.br\\\/portal\\\/politica-de-privacidade\\\/\",\"name\":\"Pol\u00edtica de privacidade - Prefeitura de Capivari\",\"isPartOf\":{\"@id\":\"https:\\\/\\\/capivari.sp.gov.br\\\/portal\\\/#website\"},\"datePublished\":\"2021-09-02T20:21:12+00:00\",\"dateModified\":\"2023-02-13T12:24:35+00:00\",\"breadcrumb\":{\"@id\":\"https:\\\/\\\/capivari.sp.gov.br\\\/portal\\\/politica-de-privacidade\\\/#breadcrumb\"},\"inLanguage\":\"pt-BR\",\"potentialAction\":[{\"@type\":\"ReadAction\",\"target\":[\"https:\\\/\\\/capivari.sp.gov.br\\\/portal\\\/politica-de-privacidade\\\/\"]}]},{\"@type\":\"BreadcrumbList\",\"@id\":\"https:\\\/\\\/capivari.sp.gov.br\\\/portal\\\/politica-de-privacidade\\\/#breadcrumb\",\"itemListElement\":[{\"@type\":\"ListItem\",\"position\":1,\"name\":\"In\u00edcio\",\"item\":\"https:\\\/\\\/capivari.sp.gov.br\\\/portal\\\/\"},{\"@type\":\"ListItem\",\"position\":2,\"name\":\"Pol\u00edtica de privacidade\"}]},{\"@type\":\"WebSite\",\"@id\":\"https:\\\/\\\/capivari.sp.gov.br\\\/portal\\\/#website\",\"url\":\"https:\\\/\\\/capivari.sp.gov.br\\\/portal\\\/\",\"name\":\"Prefeitura de Capivari\",\"description\":\"Prefeitura de Capivari\",\"publisher\":{\"@id\":\"https:\\\/\\\/capivari.sp.gov.br\\\/portal\\\/#organization\"},\"potentialAction\":[{\"@type\":\"SearchAction\",\"target\":{\"@type\":\"EntryPoint\",\"urlTemplate\":\"https:\\\/\\\/capivari.sp.gov.br\\\/portal\\\/?s={search_term_string}\"},\"query-input\":{\"@type\":\"PropertyValueSpecification\",\"valueRequired\":true,\"valueName\":\"search_term_string\"}}],\"inLanguage\":\"pt-BR\"},{\"@type\":\"Organization\",\"@id\":\"https:\\\/\\\/capivari.sp.gov.br\\\/portal\\\/#organization\",\"name\":\"Prefeitura de Capivari\",\"url\":\"https:\\\/\\\/capivari.sp.gov.br\\\/portal\\\/\",\"logo\":{\"@type\":\"ImageObject\",\"inLanguage\":\"pt-BR\",\"@id\":\"https:\\\/\\\/capivari.sp.gov.br\\\/portal\\\/#\\\/schema\\\/logo\\\/image\\\/\",\"url\":\"https:\\\/\\\/capivari.sp.gov.br\\\/portal\\\/wp-content\\\/uploads\\\/2021\\\/09\\\/logo-prefeitura-de-capivari.png\",\"contentUrl\":\"https:\\\/\\\/capivari.sp.gov.br\\\/portal\\\/wp-content\\\/uploads\\\/2021\\\/09\\\/logo-prefeitura-de-capivari.png\",\"width\":200,\"height\":147,\"caption\":\"Prefeitura de Capivari\"},\"image\":{\"@id\":\"https:\\\/\\\/capivari.sp.gov.br\\\/portal\\\/#\\\/schema\\\/logo\\\/image\\\/\"},\"sameAs\":[\"https:\\\/\\\/www.facebook.com\\\/PrefeituradeCapivari\\\/\",\"https:\\\/\\\/x.com\\\/PrefCapivari\",\"https:\\\/\\\/www.instagram.com\\\/prefeituracapivari\\\/\"]}]}<\/script>\n<!-- \/ Yoast SEO plugin. -->","yoast_head_json":{"title":"Pol\u00edtica de privacidade - Prefeitura de Capivari","robots":{"index":"index","follow":"follow","max-snippet":"max-snippet:-1","max-image-preview":"max-image-preview:large","max-video-preview":"max-video-preview:-1"},"canonical":"https:\/\/capivari.sp.gov.br\/portal\/politica-de-privacidade\/","og_locale":"pt_BR","og_type":"article","og_title":"Pol\u00edtica de privacidade - Prefeitura de Capivari","og_description":"Pol\u00edtica de Privacidade \u00c9 importante esclarecer que dados pessoais s\u00e3o considerados como: todas as informa\u00e7\u00f5es que possam ser utilizadas para identificar alguma pessoa. Estes dados, podem ser considerados sens\u00edveis, tais como: convic\u00e7\u00e3o religiosa, sa\u00fade ou \u00e0 vida sexual, origem racial ou \u00e9tnica, opini\u00e3o pol\u00edtica, dado gen\u00e9tico ou biom\u00e9trico, filia\u00e7\u00e3o a sindicato ou a organiza\u00e7\u00e3o de [&hellip;]","og_url":"https:\/\/capivari.sp.gov.br\/portal\/politica-de-privacidade\/","og_site_name":"Prefeitura de Capivari","article_publisher":"https:\/\/www.facebook.com\/PrefeituradeCapivari\/","article_modified_time":"2023-02-13T12:24:35+00:00","twitter_card":"summary_large_image","twitter_site":"@PrefCapivari","twitter_misc":{"Est. tempo de leitura":"8 minutos"},"schema":{"@context":"https:\/\/schema.org","@graph":[{"@type":"WebPage","@id":"https:\/\/capivari.sp.gov.br\/portal\/politica-de-privacidade\/","url":"https:\/\/capivari.sp.gov.br\/portal\/politica-de-privacidade\/","name":"Pol\u00edtica de privacidade - Prefeitura de Capivari","isPartOf":{"@id":"https:\/\/capivari.sp.gov.br\/portal\/#website"},"datePublished":"2021-09-02T20:21:12+00:00","dateModified":"2023-02-13T12:24:35+00:00","breadcrumb":{"@id":"https:\/\/capivari.sp.gov.br\/portal\/politica-de-privacidade\/#breadcrumb"},"inLanguage":"pt-BR","potentialAction":[{"@type":"ReadAction","target":["https:\/\/capivari.sp.gov.br\/portal\/politica-de-privacidade\/"]}]},{"@type":"BreadcrumbList","@id":"https:\/\/capivari.sp.gov.br\/portal\/politica-de-privacidade\/#breadcrumb","itemListElement":[{"@type":"ListItem","position":1,"name":"In\u00edcio","item":"https:\/\/capivari.sp.gov.br\/portal\/"},{"@type":"ListItem","position":2,"name":"Pol\u00edtica de privacidade"}]},{"@type":"WebSite","@id":"https:\/\/capivari.sp.gov.br\/portal\/#website","url":"https:\/\/capivari.sp.gov.br\/portal\/","name":"Prefeitura de Capivari","description":"Prefeitura de Capivari","publisher":{"@id":"https:\/\/capivari.sp.gov.br\/portal\/#organization"},"potentialAction":[{"@type":"SearchAction","target":{"@type":"EntryPoint","urlTemplate":"https:\/\/capivari.sp.gov.br\/portal\/?s={search_term_string}"},"query-input":{"@type":"PropertyValueSpecification","valueRequired":true,"valueName":"search_term_string"}}],"inLanguage":"pt-BR"},{"@type":"Organization","@id":"https:\/\/capivari.sp.gov.br\/portal\/#organization","name":"Prefeitura de Capivari","url":"https:\/\/capivari.sp.gov.br\/portal\/","logo":{"@type":"ImageObject","inLanguage":"pt-BR","@id":"https:\/\/capivari.sp.gov.br\/portal\/#\/schema\/logo\/image\/","url":"https:\/\/capivari.sp.gov.br\/portal\/wp-content\/uploads\/2021\/09\/logo-prefeitura-de-capivari.png","contentUrl":"https:\/\/capivari.sp.gov.br\/portal\/wp-content\/uploads\/2021\/09\/logo-prefeitura-de-capivari.png","width":200,"height":147,"caption":"Prefeitura de Capivari"},"image":{"@id":"https:\/\/capivari.sp.gov.br\/portal\/#\/schema\/logo\/image\/"},"sameAs":["https:\/\/www.facebook.com\/PrefeituradeCapivari\/","https:\/\/x.com\/PrefCapivari","https:\/\/www.instagram.com\/prefeituracapivari\/"]}]}},"_links":{"self":[{"href":"https:\/\/capivari.sp.gov.br\/portal\/wp-json\/wp\/v2\/pages\/3","targetHints":{"allow":["GET"]}}],"collection":[{"href":"https:\/\/capivari.sp.gov.br\/portal\/wp-json\/wp\/v2\/pages"}],"about":[{"href":"https:\/\/capivari.sp.gov.br\/portal\/wp-json\/wp\/v2\/types\/page"}],"author":[{"embeddable":true,"href":"https:\/\/capivari.sp.gov.br\/portal\/wp-json\/wp\/v2\/users\/8"}],"replies":[{"embeddable":true,"href":"https:\/\/capivari.sp.gov.br\/portal\/wp-json\/wp\/v2\/comments?post=3"}],"version-history":[{"count":6,"href":"https:\/\/capivari.sp.gov.br\/portal\/wp-json\/wp\/v2\/pages\/3\/revisions"}],"predecessor-version":[{"id":9471,"href":"https:\/\/capivari.sp.gov.br\/portal\/wp-json\/wp\/v2\/pages\/3\/revisions\/9471"}],"wp:attachment":[{"href":"https:\/\/capivari.sp.gov.br\/portal\/wp-json\/wp\/v2\/media?parent=3"}],"curies":[{"name":"wp","href":"https:\/\/api.w.org\/{rel}","templated":true}]}}