{"id":395,"date":"2021-09-09T15:23:28","date_gmt":"2021-09-09T18:23:28","guid":{"rendered":"https:\/\/capivari.sp.gov.br\/portal\/?page_id=395"},"modified":"2026-02-02T11:19:02","modified_gmt":"2026-02-02T14:19:02","slug":"capivariano-futebol-clube","status":"publish","type":"page","link":"https:\/\/capivari.sp.gov.br\/portal\/cidade\/capivariano-futebol-clube\/","title":{"rendered":"Capivariano Futebol Clube"},"content":{"rendered":"\t\t<div data-elementor-type=\"wp-page\" data-elementor-id=\"395\" class=\"elementor elementor-395\" data-elementor-post-type=\"page\">\n\t\t\t\t\t\t<section class=\"elementor-section elementor-top-section elementor-element elementor-element-66279cb elementor-section-stretched elementor-section-boxed elementor-section-height-default elementor-section-height-default\" data-id=\"66279cb\" data-element_type=\"section\" data-e-type=\"section\" data-settings=\"{&quot;stretch_section&quot;:&quot;section-stretched&quot;,&quot;background_background&quot;:&quot;classic&quot;}\">\n\t\t\t\t\t\t<div class=\"elementor-container elementor-column-gap-default\">\n\t\t\t\t\t<div class=\"elementor-column elementor-col-50 elementor-top-column elementor-element elementor-element-aadd88b\" data-id=\"aadd88b\" data-element_type=\"column\" data-e-type=\"column\">\n\t\t\t<div class=\"elementor-widget-wrap elementor-element-populated\">\n\t\t\t\t\t\t\t<\/div>\n\t\t<\/div>\n\t\t\t\t<div class=\"elementor-column elementor-col-50 elementor-top-column elementor-element elementor-element-e7d504a\" data-id=\"e7d504a\" data-element_type=\"column\" data-e-type=\"column\">\n\t\t\t<div class=\"elementor-widget-wrap elementor-element-populated\">\n\t\t\t\t\t\t<div class=\"elementor-element elementor-element-791994b elementor-align-right elementor-mobile-align-left elementor-widget elementor-widget-breadcrumbs\" data-id=\"791994b\" data-element_type=\"widget\" data-e-type=\"widget\" data-widget_type=\"breadcrumbs.default\">\n\t\t\t\t<div class=\"elementor-widget-container\">\n\t\t\t\t\t<p id=\"breadcrumbs\"><span><span><a href=\"https:\/\/capivari.sp.gov.br\/portal\/\">In\u00edcio<\/a><\/span><\/span><\/p>\t\t\t\t<\/div>\n\t\t\t\t<\/div>\n\t\t\t\t\t<\/div>\n\t\t<\/div>\n\t\t\t\t\t<\/div>\n\t\t<\/section>\n\t\t\t\t<section class=\"elementor-section elementor-top-section elementor-element elementor-element-c96dde7 elementor-section-stretched elementor-section-boxed elementor-section-height-default elementor-section-height-default\" data-id=\"c96dde7\" data-element_type=\"section\" data-e-type=\"section\" data-settings=\"{&quot;stretch_section&quot;:&quot;section-stretched&quot;}\">\n\t\t\t\t\t\t<div class=\"elementor-container elementor-column-gap-default\">\n\t\t\t\t\t<div class=\"elementor-column elementor-col-50 elementor-top-column elementor-element elementor-element-2e77558\" data-id=\"2e77558\" data-element_type=\"column\" data-e-type=\"column\">\n\t\t\t<div class=\"elementor-widget-wrap elementor-element-populated\">\n\t\t\t\t\t\t<div class=\"elementor-element elementor-element-8bf74e1 elementor-widget elementor-widget-image\" data-id=\"8bf74e1\" data-element_type=\"widget\" data-e-type=\"widget\" data-widget_type=\"image.default\">\n\t\t\t\t<div class=\"elementor-widget-container\">\n\t\t\t\t\t\t\t\t\t\t\t\t\t\t\t<img fetchpriority=\"high\" decoding=\"async\" width=\"500\" height=\"500\" src=\"https:\/\/capivari.sp.gov.br\/portal\/wp-content\/uploads\/2026\/02\/capivariano.png\" class=\"attachment-full size-full wp-image-21709\" alt=\"\" srcset=\"https:\/\/capivari.sp.gov.br\/portal\/wp-content\/uploads\/2026\/02\/capivariano.png 500w, https:\/\/capivari.sp.gov.br\/portal\/wp-content\/uploads\/2026\/02\/capivariano-300x300.png 300w, https:\/\/capivari.sp.gov.br\/portal\/wp-content\/uploads\/2026\/02\/capivariano-150x150.png 150w\" sizes=\"(max-width: 500px) 100vw, 500px\" \/>\t\t\t\t\t\t\t\t\t\t\t\t\t\t\t<\/div>\n\t\t\t\t<\/div>\n\t\t\t\t\t<\/div>\n\t\t<\/div>\n\t\t\t\t<div class=\"elementor-column elementor-col-50 elementor-top-column elementor-element elementor-element-21a8682\" data-id=\"21a8682\" data-element_type=\"column\" data-e-type=\"column\">\n\t\t\t<div class=\"elementor-widget-wrap elementor-element-populated\">\n\t\t\t\t\t\t<div class=\"elementor-element elementor-element-888e275 elementor-widget elementor-widget-text-editor\" data-id=\"888e275\" data-element_type=\"widget\" data-e-type=\"widget\" data-widget_type=\"text-editor.default\">\n\t\t\t\t<div class=\"elementor-widget-container\">\n\t\t\t\t\t\t\t\t\t<p>O Capivariano Futebol Clube foi fundado em 12 de outubro de 1918, por Ces\u00e1rio Lazarini, Amadeu Nicolli, Temer F. Assad, Jos\u00e9 Angelo Dalli, Paletti, entre outros. Sua primeira apari\u00e7\u00e3o no cen\u00e1rio do futebol estadual ocorreu mais de duas d\u00e9cadas depois, em 1942, quando disputou o Campeonato<br \/>do Interior na condi\u00e7\u00e3o de clube amador.<\/p><p>Com o sucesso em diversas competi\u00e7\u00f5es regionais at\u00e9 a d\u00e9cada de 1950, conquistando 32 t\u00edtulos, o clube recebeu o apelido de \u201cLe\u00e3o da Sorocabana\u201d. Sua primeira competi\u00e7\u00e3o profissional foi em 1958, no Campeonato Paulista da Terceira Divis\u00e3o (equivalente \u00e0 atual S\u00e9rie A3), onde permaneceu<br \/>at\u00e9 1963.<\/p>\t\t\t\t\t\t\t\t<\/div>\n\t\t\t\t<\/div>\n\t\t\t\t\t<\/div>\n\t\t<\/div>\n\t\t\t\t\t<\/div>\n\t\t<\/section>\n\t\t<div class=\"elementor-element elementor-element-24229b9 e-flex e-con-boxed e-con e-parent\" data-id=\"24229b9\" data-element_type=\"container\" data-e-type=\"container\">\n\t\t\t\t\t<div class=\"e-con-inner\">\n\t\t\t\t<div class=\"elementor-element elementor-element-3deffb2 elementor-widget elementor-widget-text-editor\" data-id=\"3deffb2\" data-element_type=\"widget\" data-e-type=\"widget\" data-widget_type=\"text-editor.default\">\n\t\t\t\t<div class=\"elementor-widget-container\">\n\t\t\t\t\t\t\t\t\t<p>A partir de 1964, o Capivariano ficou 11 anos licenciado, retornando \u00e0s competi\u00e7\u00f5es em 1976, na ent\u00e3o Segunda Divis\u00e3o (S\u00e9rie A3). Nesse retorno, sagrou-se campe\u00e3o do torneio patrocinado pela Federa\u00e7\u00e3o Paulista de Futebol (FPF), denominado \u201cAlfredo Metidieri\u201d.<\/p><p>Em 1980, a nomenclatura dos campeonatos foi alterada, e o Capivariano passou a disputar a Terceira Divis\u00e3o, correspondente \u00e0 atual S\u00e9rie A2. No mesmo ano, a equipe de juniores tamb\u00e9m conquistou o t\u00edtulo de Campe\u00e3 Paulista da categoria. O clube seguiu participando das competi\u00e7\u00f5es profissionais e, em 1988, conquistou o acesso \u00e0 Divis\u00e3o Intermedi\u00e1ria, sagrando se Vice-Campe\u00e3o Paulista. Em 1992, a equipe de juniores voltou a se destacar, tornando-se novamente Vice-Campe\u00e3 Paulista.<\/p><p>Nas d\u00e9cadas de 1990 e 2000, o Capivariano participou de diversas edi\u00e7\u00f5es da Copa S\u00e3o Paulo de\u00a0 Futebol J\u00fanior, com destaque em 1999, quando conquistou o Trof\u00e9u Fair Play. Ap\u00f3s nova reformula\u00e7\u00e3o das divis\u00f5es, em 2000, o clube obteve acesso da S\u00e9rie B3 para a S\u00e9rie B2 e, em 2002, foi Vice-Campe\u00e3o Paulista, garantindo o acesso \u00e0 S\u00e9rie B1.<\/p><p>Em 2011, com a unifica\u00e7\u00e3o das S\u00e9ries B, o Capivariano realizou uma campanha de destaque e conquistou o acesso \u00e0 S\u00e9rie A3, ap\u00f3s golear o Barretos Esporte Clube por 6 a 1, no Est\u00e1dio Municipal Carlos Colnaghi, em Capivari. Na final do Campeonato Paulista da Segunda Divis\u00e3o, o Le\u00e3o venceu o Independente de Limeira por 2 a 0 em casa, mas acabou ficando com o vice campeonato ap\u00f3s derrota pelo mesmo placar no segundo jogo, j\u00e1 que o time de Limeira possu\u00eda vantagem obtida na primeira fase da competi\u00e7\u00e3o.<br \/>Sob a presid\u00eancia de Osvaldo Agostinho Ricomini, o \u201cVadinho\u201d, o clube manteve sua confian\u00e7a no projeto esportivo.<\/p><p>Em 2012, com algumas mudan\u00e7as t\u00e9cnicas, o time avan\u00e7ou \u00e0 segunda fase do Campeonato Paulista, inicialmente como l\u00edder da chave. Mesmo ap\u00f3s a derrota por 2 a 0 para o Batatais, o Capivariano garantiu o t\u00e3o esperado acesso \u00e0 S\u00e9rie A2, confirmado com o resultado de Rio Branco 1 x 0 Inter de Limeira.<\/p><p>Foram dois acessos consecutivos, recolocando o Le\u00e3o da Sorocabana na S\u00e9rie A2 ap\u00f3s 20 anos. A \u00faltima participa\u00e7\u00e3o havia sido em 1993, quando, devido \u00e0 mudan\u00e7a na nomenclatura das divis\u00f5es e \u00e0 aus\u00eancia na competi\u00e7\u00e3o de 1992, o clube n\u00e3o atingiu a pontua\u00e7\u00e3o m\u00ednima e acabou sendo rebaixado duas divis\u00f5es.<\/p><p>Ainda em 2012, o Capivariano disputou a Copa Paulista, chegando \u00e0s quartas de final, quando foi eliminado pelo Noroeste ap\u00f3s dois empates. O crit\u00e9rio de desempate foi a melhor campanha do advers\u00e1rio nas fases anteriores.<\/p><p>Em 2013, o Capivariano realizou uma excelente campanha na S\u00e9rie A2, permanecendo entre os primeiros colocados durante grande parte da competi\u00e7\u00e3o. Classificado para a segunda fase ao lado de Portuguesa, Catanduvense e Comercial, o Le\u00e3o lutou at\u00e9 a \u00faltima rodada, mas a vit\u00f3ria por 1 a 0 sobre o Comercial n\u00e3o foi suficiente para garantir o acesso \u00e0 S\u00e9rie A1, j\u00e1 que precisava vencer por uma diferen\u00e7a de cinco gols.<\/p><p>Ap\u00f3s a boa campanha, a diretoria optou por n\u00e3o disputar a Copa Paulista de 2013, direcionando esfor\u00e7os, em parceria com a Prefeitura, para a reforma do Est\u00e1dio Municipal Carlos Colnaghi. Em 2014, a torcida capivariana finalmente p\u00f4de soltar o grito de campe\u00e3o: o Capivariano venceu o Itapirense por 3 a 1, conquistando o t\u00edtulo do Campeonato Paulista da S\u00e9rie A2 e o acesso \u00e0 elite do futebol paulista.<\/p><p>Em 2015, o clube realizou uma campanha consistente na S\u00e9rie A1, garantindo sua perman\u00eancia.<\/p><p>No ano seguinte, por\u00e9m, devido \u00e0 reestrutura\u00e7\u00e3o das divis\u00f5es, acabou sendo uma das seis equipes rebaixadas para a S\u00e9rie A2 de 2017.<\/p><p>Em 2017, novamente enfrentando dificuldades, o Capivariano foi mais uma vez uma das seis equipes rebaixadas, desta vez para a S\u00e9rie A3 de 2018, divis\u00e3o em que permaneceu at\u00e9 2023. O ano de 2023 marcou a retomada do Le\u00e3o da Sorocabana. Com uma campanha impec\u00e1vel, o Capivariano conquistou o acesso e o t\u00edtulo do Campeonato Paulista S\u00e9rie A3, sendo esta a segunda conquista da terceira divis\u00e3o em sua hist\u00f3ria centen\u00e1ria.<\/p><p>De volta \u00e0 S\u00e9rie A2, o clube enfrentou desafios, mas garantiu sua perman\u00eancia com duas rodadas de anteced\u00eancia. Na sequ\u00eancia, disputou a Copa Paulista, avan\u00e7ando at\u00e9 as quartas de final, quando foi eliminado pela Votuporanguense.<\/p><p>Em 2025, o Capivariano viveu mais um cap\u00edtulo hist\u00f3rico. Com uma campanha memor\u00e1vel, sagrouse campe\u00e3o do Campeonato Paulista S\u00e9rie A2, pela segunda vez, ao vencer o Primavera na final pelo placar agregado de 2 a 1, garantindo vaga na elite do futebol paulista em 2026.<\/p><p><strong>Principais T\u00edtulos<\/strong><\/p><p>Ao longo de seus 106 anos de hist\u00f3ria, o Capivariano Futebol Clube conquistou os seguintes t\u00edtulos de destaque:<br \/><br \/><strong>\u2022 Campeonato Paulista da Terceira Divis\u00e3o \u2013 1984<\/strong><br \/><strong>\u2022 Campeonato Paulista S\u00e9rie A2 \u2013 2014<\/strong><br \/><strong>\u2022 Campeonato Paulista S\u00e9rie A3 \u2013 2023<\/strong><br \/><strong>\u2022 Campeonato Paulista S\u00e9rie A2 \u2013 2025<\/strong><br \/><br \/><strong>Processo de virar SAF<\/strong><\/p><p>Ap\u00f3s vota\u00e7\u00e3o entre os conselheiros no final de 2023, ficou definida a transforma\u00e7\u00e3o do Capivariano Futebol Clube em Sociedade An\u00f4nima do Futebol (SAF) a partir de 2024. O processo de migra\u00e7\u00e3o foi conclu\u00eddo no segundo semestre do mesmo ano e, desde ent\u00e3o, tem viabilizado investimentos nas categorias de base, no elenco profissional, na estrutura administrativa e no Est\u00e1dio Municipal Carlos Colnaghi, fortalecendo o clube para os pr\u00f3ximos desafios.<\/p>\t\t\t\t\t\t\t\t<\/div>\n\t\t\t\t<\/div>\n\t\t\t\t\t<\/div>\n\t\t\t\t<\/div>\n\t\t\t\t<\/div>\n\t\t","protected":false},"excerpt":{"rendered":"<p>O Capivariano Futebol Clube foi fundado em 12 de outubro de 1918, por Ces\u00e1rio Lazarini, Amadeu Nicolli, Temer F. Assad, Jos\u00e9 Angelo Dalli, Paletti, entre outros. Sua primeira apari\u00e7\u00e3o no cen\u00e1rio do futebol estadual ocorreu mais de duas d\u00e9cadas depois, em 1942, quando disputou o Campeonatodo Interior na condi\u00e7\u00e3o de clube amador. Com o sucesso [&hellip;]<\/p>\n","protected":false},"author":8,"featured_media":0,"parent":25,"menu_order":0,"comment_status":"closed","ping_status":"closed","template":"","meta":{"ocean_post_layout":"","ocean_both_sidebars_style":"","ocean_both_sidebars_content_width":0,"ocean_both_sidebars_sidebars_width":0,"ocean_sidebar":"0","ocean_second_sidebar":"0","ocean_disable_margins":"on","ocean_add_body_class":"","ocean_shortcode_before_top_bar":"","ocean_shortcode_after_top_bar":"","ocean_shortcode_before_header":"","ocean_shortcode_after_header":"","ocean_has_shortcode":"","ocean_shortcode_after_title":"","ocean_shortcode_before_footer_widgets":"","ocean_shortcode_after_footer_widgets":"","ocean_shortcode_before_footer_bottom":"","ocean_shortcode_after_footer_bottom":"","ocean_display_top_bar":"default","ocean_display_header":"default","ocean_header_style":"","ocean_center_header_left_menu":"0","ocean_custom_header_template":"0","ocean_custom_logo":0,"ocean_custom_retina_logo":0,"ocean_custom_logo_max_width":0,"ocean_custom_logo_tablet_max_width":0,"ocean_custom_logo_mobile_max_width":0,"ocean_custom_logo_max_height":0,"ocean_custom_logo_tablet_max_height":0,"ocean_custom_logo_mobile_max_height":0,"ocean_header_custom_menu":"0","ocean_menu_typo_font_family":"0","ocean_menu_typo_font_subset":"","ocean_menu_typo_font_size":0,"ocean_menu_typo_font_size_tablet":0,"ocean_menu_typo_font_size_mobile":0,"ocean_menu_typo_font_size_unit":"px","ocean_menu_typo_font_weight":"","ocean_menu_typo_font_weight_tablet":"","ocean_menu_typo_font_weight_mobile":"","ocean_menu_typo_transform":"","ocean_menu_typo_transform_tablet":"","ocean_menu_typo_transform_mobile":"","ocean_menu_typo_line_height":0,"ocean_menu_typo_line_height_tablet":0,"ocean_menu_typo_line_height_mobile":0,"ocean_menu_typo_line_height_unit":"","ocean_menu_typo_spacing":0,"ocean_menu_typo_spacing_tablet":0,"ocean_menu_typo_spacing_mobile":0,"ocean_menu_typo_spacing_unit":"","ocean_menu_link_color":"","ocean_menu_link_color_hover":"","ocean_menu_link_color_active":"","ocean_menu_link_background":"","ocean_menu_link_hover_background":"","ocean_menu_link_active_background":"","ocean_menu_social_links_bg":"","ocean_menu_social_hover_links_bg":"","ocean_menu_social_links_color":"","ocean_menu_social_hover_links_color":"","ocean_disable_title":"default","ocean_disable_heading":"default","ocean_post_title":"","ocean_post_subheading":"","ocean_post_title_style":"","ocean_post_title_background_color":"","ocean_post_title_background":0,"ocean_post_title_bg_image_position":"","ocean_post_title_bg_image_attachment":"","ocean_post_title_bg_image_repeat":"","ocean_post_title_bg_image_size":"","ocean_post_title_height":0,"ocean_post_title_bg_overlay":0.5,"ocean_post_title_bg_overlay_color":"","ocean_disable_breadcrumbs":"default","ocean_breadcrumbs_color":"","ocean_breadcrumbs_separator_color":"","ocean_breadcrumbs_links_color":"","ocean_breadcrumbs_links_hover_color":"","ocean_display_footer_widgets":"default","ocean_display_footer_bottom":"default","ocean_custom_footer_template":"0","footnotes":""},"class_list":["post-395","page","type-page","status-publish","hentry","entry"],"yoast_head":"<!-- This site is optimized with the Yoast SEO plugin v27.5 - https:\/\/yoast.com\/product\/yoast-seo-wordpress\/ -->\n<title>Capivariano Futebol Clube - Prefeitura de Capivari<\/title>\n<meta name=\"robots\" content=\"index, follow, max-snippet:-1, max-image-preview:large, max-video-preview:-1\" \/>\n<link rel=\"canonical\" href=\"https:\/\/capivari.sp.gov.br\/portal\/cidade\/capivariano-futebol-clube\/\" \/>\n<meta property=\"og:locale\" content=\"pt_BR\" \/>\n<meta property=\"og:type\" content=\"article\" \/>\n<meta property=\"og:title\" content=\"Capivariano Futebol Clube - Prefeitura de Capivari\" \/>\n<meta property=\"og:description\" content=\"O Capivariano Futebol Clube foi fundado em 12 de outubro de 1918, por Ces\u00e1rio Lazarini, Amadeu Nicolli, Temer F. Assad, Jos\u00e9 Angelo Dalli, Paletti, entre outros. Sua primeira apari\u00e7\u00e3o no cen\u00e1rio do futebol estadual ocorreu mais de duas d\u00e9cadas depois, em 1942, quando disputou o Campeonatodo Interior na condi\u00e7\u00e3o de clube amador. Com o sucesso [&hellip;]\" \/>\n<meta property=\"og:url\" content=\"https:\/\/capivari.sp.gov.br\/portal\/cidade\/capivariano-futebol-clube\/\" \/>\n<meta property=\"og:site_name\" content=\"Prefeitura de Capivari\" \/>\n<meta property=\"article:publisher\" content=\"https:\/\/www.facebook.com\/PrefeituradeCapivari\/\" \/>\n<meta property=\"article:modified_time\" content=\"2026-02-02T14:19:02+00:00\" \/>\n<meta property=\"og:image\" content=\"https:\/\/capivari.sp.gov.br\/portal\/wp-content\/uploads\/2026\/02\/capivariano.png\" \/>\n\t<meta property=\"og:image:width\" content=\"500\" \/>\n\t<meta property=\"og:image:height\" content=\"500\" \/>\n\t<meta property=\"og:image:type\" content=\"image\/png\" \/>\n<meta name=\"twitter:card\" content=\"summary_large_image\" \/>\n<meta name=\"twitter:site\" content=\"@PrefCapivari\" \/>\n<meta name=\"twitter:label1\" content=\"Est. tempo de leitura\" \/>\n\t<meta name=\"twitter:data1\" content=\"6 minutos\" \/>\n<script type=\"application\/ld+json\" class=\"yoast-schema-graph\">{\"@context\":\"https:\\\/\\\/schema.org\",\"@graph\":[{\"@type\":\"WebPage\",\"@id\":\"https:\\\/\\\/capivari.sp.gov.br\\\/portal\\\/cidade\\\/capivariano-futebol-clube\\\/\",\"url\":\"https:\\\/\\\/capivari.sp.gov.br\\\/portal\\\/cidade\\\/capivariano-futebol-clube\\\/\",\"name\":\"Capivariano Futebol Clube - Prefeitura de Capivari\",\"isPartOf\":{\"@id\":\"https:\\\/\\\/capivari.sp.gov.br\\\/portal\\\/#website\"},\"primaryImageOfPage\":{\"@id\":\"https:\\\/\\\/capivari.sp.gov.br\\\/portal\\\/cidade\\\/capivariano-futebol-clube\\\/#primaryimage\"},\"image\":{\"@id\":\"https:\\\/\\\/capivari.sp.gov.br\\\/portal\\\/cidade\\\/capivariano-futebol-clube\\\/#primaryimage\"},\"thumbnailUrl\":\"https:\\\/\\\/capivari.sp.gov.br\\\/portal\\\/wp-content\\\/uploads\\\/2026\\\/02\\\/capivariano.png\",\"datePublished\":\"2021-09-09T18:23:28+00:00\",\"dateModified\":\"2026-02-02T14:19:02+00:00\",\"breadcrumb\":{\"@id\":\"https:\\\/\\\/capivari.sp.gov.br\\\/portal\\\/cidade\\\/capivariano-futebol-clube\\\/#breadcrumb\"},\"inLanguage\":\"pt-BR\",\"potentialAction\":[{\"@type\":\"ReadAction\",\"target\":[\"https:\\\/\\\/capivari.sp.gov.br\\\/portal\\\/cidade\\\/capivariano-futebol-clube\\\/\"]}]},{\"@type\":\"ImageObject\",\"inLanguage\":\"pt-BR\",\"@id\":\"https:\\\/\\\/capivari.sp.gov.br\\\/portal\\\/cidade\\\/capivariano-futebol-clube\\\/#primaryimage\",\"url\":\"https:\\\/\\\/capivari.sp.gov.br\\\/portal\\\/wp-content\\\/uploads\\\/2026\\\/02\\\/capivariano.png\",\"contentUrl\":\"https:\\\/\\\/capivari.sp.gov.br\\\/portal\\\/wp-content\\\/uploads\\\/2026\\\/02\\\/capivariano.png\",\"width\":500,\"height\":500},{\"@type\":\"BreadcrumbList\",\"@id\":\"https:\\\/\\\/capivari.sp.gov.br\\\/portal\\\/cidade\\\/capivariano-futebol-clube\\\/#breadcrumb\",\"itemListElement\":[{\"@type\":\"ListItem\",\"position\":1,\"name\":\"In\u00edcio\",\"item\":\"https:\\\/\\\/capivari.sp.gov.br\\\/portal\\\/\"},{\"@type\":\"ListItem\",\"position\":2,\"name\":\"Cidade\",\"item\":\"https:\\\/\\\/capivari.sp.gov.br\\\/portal\\\/cidade\\\/\"},{\"@type\":\"ListItem\",\"position\":3,\"name\":\"Capivariano Futebol Clube\"}]},{\"@type\":\"WebSite\",\"@id\":\"https:\\\/\\\/capivari.sp.gov.br\\\/portal\\\/#website\",\"url\":\"https:\\\/\\\/capivari.sp.gov.br\\\/portal\\\/\",\"name\":\"Prefeitura de Capivari\",\"description\":\"Prefeitura de Capivari\",\"publisher\":{\"@id\":\"https:\\\/\\\/capivari.sp.gov.br\\\/portal\\\/#organization\"},\"potentialAction\":[{\"@type\":\"SearchAction\",\"target\":{\"@type\":\"EntryPoint\",\"urlTemplate\":\"https:\\\/\\\/capivari.sp.gov.br\\\/portal\\\/?s={search_term_string}\"},\"query-input\":{\"@type\":\"PropertyValueSpecification\",\"valueRequired\":true,\"valueName\":\"search_term_string\"}}],\"inLanguage\":\"pt-BR\"},{\"@type\":\"Organization\",\"@id\":\"https:\\\/\\\/capivari.sp.gov.br\\\/portal\\\/#organization\",\"name\":\"Prefeitura de Capivari\",\"url\":\"https:\\\/\\\/capivari.sp.gov.br\\\/portal\\\/\",\"logo\":{\"@type\":\"ImageObject\",\"inLanguage\":\"pt-BR\",\"@id\":\"https:\\\/\\\/capivari.sp.gov.br\\\/portal\\\/#\\\/schema\\\/logo\\\/image\\\/\",\"url\":\"https:\\\/\\\/capivari.sp.gov.br\\\/portal\\\/wp-content\\\/uploads\\\/2021\\\/09\\\/logo-prefeitura-de-capivari.png\",\"contentUrl\":\"https:\\\/\\\/capivari.sp.gov.br\\\/portal\\\/wp-content\\\/uploads\\\/2021\\\/09\\\/logo-prefeitura-de-capivari.png\",\"width\":200,\"height\":147,\"caption\":\"Prefeitura de Capivari\"},\"image\":{\"@id\":\"https:\\\/\\\/capivari.sp.gov.br\\\/portal\\\/#\\\/schema\\\/logo\\\/image\\\/\"},\"sameAs\":[\"https:\\\/\\\/www.facebook.com\\\/PrefeituradeCapivari\\\/\",\"https:\\\/\\\/x.com\\\/PrefCapivari\",\"https:\\\/\\\/www.instagram.com\\\/prefeituracapivari\\\/\"]}]}<\/script>\n<!-- \/ Yoast SEO plugin. -->","yoast_head_json":{"title":"Capivariano Futebol Clube - Prefeitura de Capivari","robots":{"index":"index","follow":"follow","max-snippet":"max-snippet:-1","max-image-preview":"max-image-preview:large","max-video-preview":"max-video-preview:-1"},"canonical":"https:\/\/capivari.sp.gov.br\/portal\/cidade\/capivariano-futebol-clube\/","og_locale":"pt_BR","og_type":"article","og_title":"Capivariano Futebol Clube - Prefeitura de Capivari","og_description":"O Capivariano Futebol Clube foi fundado em 12 de outubro de 1918, por Ces\u00e1rio Lazarini, Amadeu Nicolli, Temer F. Assad, Jos\u00e9 Angelo Dalli, Paletti, entre outros. Sua primeira apari\u00e7\u00e3o no cen\u00e1rio do futebol estadual ocorreu mais de duas d\u00e9cadas depois, em 1942, quando disputou o Campeonatodo Interior na condi\u00e7\u00e3o de clube amador. Com o sucesso [&hellip;]","og_url":"https:\/\/capivari.sp.gov.br\/portal\/cidade\/capivariano-futebol-clube\/","og_site_name":"Prefeitura de Capivari","article_publisher":"https:\/\/www.facebook.com\/PrefeituradeCapivari\/","article_modified_time":"2026-02-02T14:19:02+00:00","og_image":[{"width":500,"height":500,"url":"https:\/\/capivari.sp.gov.br\/portal\/wp-content\/uploads\/2026\/02\/capivariano.png","type":"image\/png"}],"twitter_card":"summary_large_image","twitter_site":"@PrefCapivari","twitter_misc":{"Est. tempo de leitura":"6 minutos"},"schema":{"@context":"https:\/\/schema.org","@graph":[{"@type":"WebPage","@id":"https:\/\/capivari.sp.gov.br\/portal\/cidade\/capivariano-futebol-clube\/","url":"https:\/\/capivari.sp.gov.br\/portal\/cidade\/capivariano-futebol-clube\/","name":"Capivariano Futebol Clube - Prefeitura de Capivari","isPartOf":{"@id":"https:\/\/capivari.sp.gov.br\/portal\/#website"},"primaryImageOfPage":{"@id":"https:\/\/capivari.sp.gov.br\/portal\/cidade\/capivariano-futebol-clube\/#primaryimage"},"image":{"@id":"https:\/\/capivari.sp.gov.br\/portal\/cidade\/capivariano-futebol-clube\/#primaryimage"},"thumbnailUrl":"https:\/\/capivari.sp.gov.br\/portal\/wp-content\/uploads\/2026\/02\/capivariano.png","datePublished":"2021-09-09T18:23:28+00:00","dateModified":"2026-02-02T14:19:02+00:00","breadcrumb":{"@id":"https:\/\/capivari.sp.gov.br\/portal\/cidade\/capivariano-futebol-clube\/#breadcrumb"},"inLanguage":"pt-BR","potentialAction":[{"@type":"ReadAction","target":["https:\/\/capivari.sp.gov.br\/portal\/cidade\/capivariano-futebol-clube\/"]}]},{"@type":"ImageObject","inLanguage":"pt-BR","@id":"https:\/\/capivari.sp.gov.br\/portal\/cidade\/capivariano-futebol-clube\/#primaryimage","url":"https:\/\/capivari.sp.gov.br\/portal\/wp-content\/uploads\/2026\/02\/capivariano.png","contentUrl":"https:\/\/capivari.sp.gov.br\/portal\/wp-content\/uploads\/2026\/02\/capivariano.png","width":500,"height":500},{"@type":"BreadcrumbList","@id":"https:\/\/capivari.sp.gov.br\/portal\/cidade\/capivariano-futebol-clube\/#breadcrumb","itemListElement":[{"@type":"ListItem","position":1,"name":"In\u00edcio","item":"https:\/\/capivari.sp.gov.br\/portal\/"},{"@type":"ListItem","position":2,"name":"Cidade","item":"https:\/\/capivari.sp.gov.br\/portal\/cidade\/"},{"@type":"ListItem","position":3,"name":"Capivariano Futebol Clube"}]},{"@type":"WebSite","@id":"https:\/\/capivari.sp.gov.br\/portal\/#website","url":"https:\/\/capivari.sp.gov.br\/portal\/","name":"Prefeitura de Capivari","description":"Prefeitura de Capivari","publisher":{"@id":"https:\/\/capivari.sp.gov.br\/portal\/#organization"},"potentialAction":[{"@type":"SearchAction","target":{"@type":"EntryPoint","urlTemplate":"https:\/\/capivari.sp.gov.br\/portal\/?s={search_term_string}"},"query-input":{"@type":"PropertyValueSpecification","valueRequired":true,"valueName":"search_term_string"}}],"inLanguage":"pt-BR"},{"@type":"Organization","@id":"https:\/\/capivari.sp.gov.br\/portal\/#organization","name":"Prefeitura de Capivari","url":"https:\/\/capivari.sp.gov.br\/portal\/","logo":{"@type":"ImageObject","inLanguage":"pt-BR","@id":"https:\/\/capivari.sp.gov.br\/portal\/#\/schema\/logo\/image\/","url":"https:\/\/capivari.sp.gov.br\/portal\/wp-content\/uploads\/2021\/09\/logo-prefeitura-de-capivari.png","contentUrl":"https:\/\/capivari.sp.gov.br\/portal\/wp-content\/uploads\/2021\/09\/logo-prefeitura-de-capivari.png","width":200,"height":147,"caption":"Prefeitura de Capivari"},"image":{"@id":"https:\/\/capivari.sp.gov.br\/portal\/#\/schema\/logo\/image\/"},"sameAs":["https:\/\/www.facebook.com\/PrefeituradeCapivari\/","https:\/\/x.com\/PrefCapivari","https:\/\/www.instagram.com\/prefeituracapivari\/"]}]}},"_links":{"self":[{"href":"https:\/\/capivari.sp.gov.br\/portal\/wp-json\/wp\/v2\/pages\/395","targetHints":{"allow":["GET"]}}],"collection":[{"href":"https:\/\/capivari.sp.gov.br\/portal\/wp-json\/wp\/v2\/pages"}],"about":[{"href":"https:\/\/capivari.sp.gov.br\/portal\/wp-json\/wp\/v2\/types\/page"}],"author":[{"embeddable":true,"href":"https:\/\/capivari.sp.gov.br\/portal\/wp-json\/wp\/v2\/users\/8"}],"replies":[{"embeddable":true,"href":"https:\/\/capivari.sp.gov.br\/portal\/wp-json\/wp\/v2\/comments?post=395"}],"version-history":[{"count":16,"href":"https:\/\/capivari.sp.gov.br\/portal\/wp-json\/wp\/v2\/pages\/395\/revisions"}],"predecessor-version":[{"id":21719,"href":"https:\/\/capivari.sp.gov.br\/portal\/wp-json\/wp\/v2\/pages\/395\/revisions\/21719"}],"up":[{"embeddable":true,"href":"https:\/\/capivari.sp.gov.br\/portal\/wp-json\/wp\/v2\/pages\/25"}],"wp:attachment":[{"href":"https:\/\/capivari.sp.gov.br\/portal\/wp-json\/wp\/v2\/media?parent=395"}],"curies":[{"name":"wp","href":"https:\/\/api.w.org\/{rel}","templated":true}]}}